{"id":108,"date":"2024-09-16T17:22:19","date_gmt":"2024-09-16T15:22:19","guid":{"rendered":"https:\/\/www.soggettogiuridico.it\/?page_id=108"},"modified":"2024-09-16T17:22:19","modified_gmt":"2024-09-16T15:22:19","slug":"recupero-crediti-da-lavoro","status":"publish","type":"page","link":"https:\/\/www.soggettogiuridico.it\/?page_id=108","title":{"rendered":"Recupero crediti da lavoro"},"content":{"rendered":"\n<p>Il parziale o totale&nbsp;<strong>mancato pagamento delle retribuzioni<\/strong>&nbsp;ai dipendenti possono rappresentare segnali di crisi dell\u2019azienda; ai lavoratori vengono fatte promesse e, nello stesso tempo, viene chiesto di continuare a lavorare. In questi casi \u00e8 bene<strong>&nbsp;informarsi subito presso gli Uffici Vertenze<\/strong>&nbsp;sul da farsi, non escludendo nel caso di assenza di prospettive serie, il ricorso alle&nbsp;<strong>dimissioni per giusta causa<\/strong>&nbsp;(vedi il capitolo Dimissioni).<\/p>\n\n\n\n<p><strong>Il recupero dei crediti<\/strong>&nbsp;da lavoro maturati diventa cos\u00ec una delle principali attivit\u00e0 svolte dagli Uffici Vertenze con professionalit\u00e0 ed accuratezza, per una precisa e mirata azione di tutela. Inoltre gli uffici vertenze si avvalgono della collaborazione di<strong>&nbsp;studi legali specializzati<\/strong>&nbsp;in materia di lavoro che completano la qualit\u00e0 del servizio offerto.<\/p>\n\n\n\n<p><strong>Una particolare attenzione va posta ai tempi di intervento<\/strong>; infatti, oltre a determinate scadenze, senza l\u2019ottenimento di titoli esecutivi in sede giudiziaria, pu\u00f2 pregiudicarsi il diritto del Lavoratore al recupero delle spettanze attraverso il Fondo di Garanzia Inps.<\/p>\n\n\n\n<p><strong>Documenti necessari<\/strong><\/p>\n\n\n\n<ul class=\"wp-block-list\">\n<li>Contratto di assunzione ed eventuali lettere di modifica contrattuale<\/li>\n\n\n\n<li>Tutte le buste paga del periodo lavorativo interessato<\/li>\n\n\n\n<li>CUD annuali del periodo interessato<\/li>\n<\/ul>\n","protected":false},"excerpt":{"rendered":"<p>Il parziale o totale&nbsp;mancato pagamento delle retribuzioni&nbsp;ai dipendenti possono rappresentare segnali di crisi dell\u2019azienda; ai lavoratori vengono fatte promesse e, nello stesso tempo, viene chiesto di continuare a lavorare. In&hellip;<\/p>\n","protected":false},"author":1,"featured_media":0,"parent":78,"menu_order":0,"comment_status":"closed","ping_status":"closed","template":"","meta":{"footnotes":""},"class_list":["post-108","page","type-page","status-publish","hentry"],"_links":{"self":[{"href":"https:\/\/www.soggettogiuridico.it\/index.php?rest_route=\/wp\/v2\/pages\/108","targetHints":{"allow":["GET"]}}],"collection":[{"href":"https:\/\/www.soggettogiuridico.it\/index.php?rest_route=\/wp\/v2\/pages"}],"about":[{"href":"https:\/\/www.soggettogiuridico.it\/index.php?rest_route=\/wp\/v2\/types\/page"}],"author":[{"embeddable":true,"href":"https:\/\/www.soggettogiuridico.it\/index.php?rest_route=\/wp\/v2\/users\/1"}],"replies":[{"embeddable":true,"href":"https:\/\/www.soggettogiuridico.it\/index.php?rest_route=%2Fwp%2Fv2%2Fcomments&post=108"}],"version-history":[{"count":1,"href":"https:\/\/www.soggettogiuridico.it\/index.php?rest_route=\/wp\/v2\/pages\/108\/revisions"}],"predecessor-version":[{"id":109,"href":"https:\/\/www.soggettogiuridico.it\/index.php?rest_route=\/wp\/v2\/pages\/108\/revisions\/109"}],"up":[{"embeddable":true,"href":"https:\/\/www.soggettogiuridico.it\/index.php?rest_route=\/wp\/v2\/pages\/78"}],"wp:attachment":[{"href":"https:\/\/www.soggettogiuridico.it\/index.php?rest_route=%2Fwp%2Fv2%2Fmedia&parent=108"}],"curies":[{"name":"wp","href":"https:\/\/api.w.org\/{rel}","templated":true}]}}