{"id":114,"date":"2024-09-16T17:23:51","date_gmt":"2024-09-16T15:23:51","guid":{"rendered":"https:\/\/www.soggettogiuridico.it\/?page_id=114"},"modified":"2024-09-16T17:23:51","modified_gmt":"2024-09-16T15:23:51","slug":"emersione-del-lavoro-nero","status":"publish","type":"page","link":"https:\/\/www.soggettogiuridico.it\/?page_id=114","title":{"rendered":"Emersione del lavoro nero"},"content":{"rendered":"\n<p>Prestare attivit\u00e0 lavorativa senza essere regolarmente assicurati significa subire perdite di diritti estremamente importanti. La prima \u00e8 la mancata regolarizzazione della posizione previdenziale che porter\u00e0 in futuro ad un ritardato accesso pensionistico, in secondo luogo il rischio legato a potenziali infortuni che nessuno garantir\u00e0 ne risarcir\u00e0, se non il datore di lavoro; inoltre ci troveremo sempre nel mancato riconoscimento delle spettanze contrattuali legate alla prestazione lavorativa.<\/p>\n\n\n\n<p>Non solo le retribuzioni, ma anche istituti quali malattia, ferie, riduzioni di orario di lavoro, tredicesima mensilit\u00e0 e trattamento di fine rapporto, non saranno riconosciuti. La mancata regolarizzazione preclude inoltre anche la possibilit\u00e0 di accedere a forme di tutela del reddito quali la disoccupazione o la cassa integrazione, vale quindi sempre la pena pretendere la regolarizzazione della propria posizione lavorativa e, se ci\u00f2 non avviene, rivolgersi agli uffici vertenze per avere le giuste informazioni.<\/p>\n\n\n\n<p><strong>Documenti necessari<\/strong><\/p>\n\n\n\n<ul class=\"wp-block-list\">\n<li>Calendario ore lavorate<\/li>\n\n\n\n<li>Documentazione di avvenuto pagamento<\/li>\n\n\n\n<li>Dati completi del datore di lavoro<\/li>\n<\/ul>\n","protected":false},"excerpt":{"rendered":"<p>Prestare attivit\u00e0 lavorativa senza essere regolarmente assicurati significa subire perdite di diritti estremamente importanti. La prima \u00e8 la mancata regolarizzazione della posizione previdenziale che porter\u00e0 in futuro ad un ritardato&hellip;<\/p>\n","protected":false},"author":1,"featured_media":0,"parent":78,"menu_order":0,"comment_status":"closed","ping_status":"closed","template":"","meta":{"footnotes":""},"class_list":["post-114","page","type-page","status-publish","hentry"],"_links":{"self":[{"href":"https:\/\/www.soggettogiuridico.it\/index.php?rest_route=\/wp\/v2\/pages\/114","targetHints":{"allow":["GET"]}}],"collection":[{"href":"https:\/\/www.soggettogiuridico.it\/index.php?rest_route=\/wp\/v2\/pages"}],"about":[{"href":"https:\/\/www.soggettogiuridico.it\/index.php?rest_route=\/wp\/v2\/types\/page"}],"author":[{"embeddable":true,"href":"https:\/\/www.soggettogiuridico.it\/index.php?rest_route=\/wp\/v2\/users\/1"}],"replies":[{"embeddable":true,"href":"https:\/\/www.soggettogiuridico.it\/index.php?rest_route=%2Fwp%2Fv2%2Fcomments&post=114"}],"version-history":[{"count":1,"href":"https:\/\/www.soggettogiuridico.it\/index.php?rest_route=\/wp\/v2\/pages\/114\/revisions"}],"predecessor-version":[{"id":115,"href":"https:\/\/www.soggettogiuridico.it\/index.php?rest_route=\/wp\/v2\/pages\/114\/revisions\/115"}],"up":[{"embeddable":true,"href":"https:\/\/www.soggettogiuridico.it\/index.php?rest_route=\/wp\/v2\/pages\/78"}],"wp:attachment":[{"href":"https:\/\/www.soggettogiuridico.it\/index.php?rest_route=%2Fwp%2Fv2%2Fmedia&parent=114"}],"curies":[{"name":"wp","href":"https:\/\/api.w.org\/{rel}","templated":true}]}}